{"id":3302,"date":"2017-12-05T11:27:36","date_gmt":"2017-12-05T11:27:36","guid":{"rendered":"https:\/\/keydesign-themes.com\/leadengine\/?page_id=3302"},"modified":"2019-03-02T13:40:31","modified_gmt":"2019-03-02T12:40:31","slug":"pravno-obvestilo","status":"publish","type":"page","link":"https:\/\/gardenia.si\/en\/pravno-obvestilo\/","title":{"rendered":"Pravno obvestilo"},"content":{"rendered":"<p class=\"western\"><span style=\"font-family: Verdana, serif;\"><span style=\"font-size: small;\"><b>Upravljavec osebnih podatkov in kontaktni podatki<\/b><\/span><\/span><\/p>\n<p class=\"western\"><span style=\"font-family: Verdana, serif;\"><span style=\"font-size: small;\">Ta politika velja za obdelavo (uporabo) katerihkoli osebnih podatkov, ki ga izvaja dru\u017eba\u00a0<\/span><\/span><span style=\"font-family: Verdana, serif;\"><span style=\"font-size: small;\"><b>Gardenia Ars florae, d.d., Pot v Podgorje 27, 1261 Ljubljana-Dobrunje<\/b><\/span><\/span><span style=\"font-family: Verdana, serif;\"><span style=\"font-size: small;\">\u00a0(<\/span><\/span><span style=\"font-family: Verdana, serif;\"><span style=\"font-size: small;\"><b>upravljavec<\/b><\/span><\/span><span style=\"font-family: Verdana, serif;\"><span style=\"font-size: small;\">) ali ki se izvaja v imenu upravljavca.<\/span><\/span><\/p>\n<p class=\"western\"><span style=\"font-family: Verdana, serif;\"><span style=\"font-size: small;\"><u>Podatki o upravljavcu:<\/u><\/span><\/span><\/p>\n<p class=\"western\"><span style=\"color: #ff0000;\"><span style=\"font-family: Verdana, serif;\"><span style=\"font-size: small;\">Naziv dru\u017ebe: Gardenia Ars florae, d.d.<\/span><\/span><\/span><\/p>\n<p class=\"western\"><span style=\"font-family: Verdana, serif;\"><span style=\"font-size: small;\">Naslov: Pot v Podgorje 27, 1261 Ljubljana-Dobrunje<\/span><\/span><\/p>\n<p class=\"western\"><span style=\"font-family: Verdana, serif;\"><span style=\"font-size: small;\">Mati\u010dna \u0161tevilka: 5030889<\/span><\/span><\/p>\n<p class=\"western\"><span style=\"font-family: Verdana, serif;\"><span style=\"font-size: small;\">Telefon: 01-5203700<\/span><\/span><\/p>\n<p class=\"western\"><span style=\"font-family: Verdana, serif;\"><span style=\"font-size: small;\">E-po\u0161ta: info@gardenia.si<\/span><\/span><\/p>\n<p class=\"western\"><span style=\"font-family: Verdana, serif;\"><span style=\"font-size: small;\"><u>Podatki o poobla\u0161\u010deni osebi za varstvo podatkov:<\/u><\/span><\/span><\/p>\n<p class=\"western\"><span style=\"font-family: Verdana, serif;\"><span style=\"font-size: small;\">Ime in Priimek \/ Naziv: \/\/<\/span><\/span><\/p>\n<p class=\"western\"><span style=\"font-family: Verdana, serif;\"><span style=\"font-size: small;\">Kontaktni telefon: \/\/<\/span><\/span><\/p>\n<p class=\"western\"><span style=\"font-family: Verdana, serif;\"><span style=\"font-size: small;\">Kontaktni e-po\u0161tni naslov: \/\/<\/span><\/span><\/p>\n<p class=\"western\"><span style=\"font-family: Verdana, serif;\"><span style=\"font-size: small;\"><b>Katere osebne podatke obdelujemo<\/b><\/span><\/span><\/p>\n<ul>\n<li><span style=\"font-family: Verdana, serif;\"><span style=\"font-size: small;\">Osnovni kontaktni podatki (ime, priimek, telefonska \u0161tevilka, e-naslov);<\/span><\/span><\/li>\n<li><span style=\"font-family: Verdana, serif;\"><span style=\"font-size: small;\">Podatki o uporabi na\u0161ih spletnih strani (kliki na povezave, porabljen \u010das) in podatki glede odziva na na\u0161a e-po\u0161tna sporo\u010dila (ali je bilo sporo\u010dilo odprto, na katere povezave ste kliknili);<\/span><\/span><\/li>\n<li><span style=\"font-family: Verdana, serif;\"><span style=\"font-size: small;\">Podatki, ki jih potrebujemo za izpolnitev pogodbe in dostavo kupljenega blaga (predmet nakupa, cena, naslov za dostavo, \u010das dostave, na\u010din pla\u010dila, datum pla\u010dila, podatki o reklamacijah, podatki o izdanem ra\u010dunu ipd.).<\/span><\/span><\/li>\n<\/ul>\n<p class=\"western\"><span style=\"font-family: Verdana, serif;\"><span style=\"font-size: small;\"><b>Pravne podlage za obdelavo osebnih podatkov<\/b><\/span><\/span><\/p>\n<p class=\"western\"><span style=\"font-family: Verdana, serif;\"><span style=\"font-size: small;\">Va\u0161e osebne podatke lahko obdelujemo na naslednjih pravnih podlagah:<\/span><\/span><\/p>\n<ul>\n<li><span style=\"font-family: Verdana, serif;\"><span style=\"font-size: small;\">kadar je to potrebno za izpolnitev na\u0161ih zakonskih obveznosti\u00a0<\/span><\/span><span style=\"color: #595959;\"><span style=\"font-family: Verdana, serif;\"><span style=\"font-size: small;\">(npr. izdaja ra\u010dunov za kupljeno blago)<\/span><\/span><\/span><span style=\"font-family: Verdana, serif;\"><span style=\"font-size: small;\">;<\/span><\/span><\/li>\n<li><span style=\"font-family: Verdana, serif;\"><span style=\"font-size: small;\">kadar je obdelava va\u0161ih osebnih podatkov potrebna za sklenitev in izpolnitev\u00a0<\/span><\/span><span style=\"font-family: Verdana, serif;\"><span style=\"font-size: small;\"><b>pogodbe<\/b><\/span><\/span><span style=\"font-family: Verdana, serif;\"><span style=\"font-size: small;\">, ki ste jo sklenili z nami ali ker ste od nas \u017eeleli ponudbo;<\/span><\/span><\/li>\n<li><span style=\"font-family: Verdana, serif;\"><span style=\"font-size: small;\">kadar ste za obdelavo svojih osebnih podatkov podali\u00a0<\/span><\/span><span style=\"font-family: Verdana, serif;\"><span style=\"font-size: small;\"><b>privolitev<\/b><\/span><\/span><span style=\"font-family: Verdana, serif;\"><span style=\"font-size: small;\">\u00a0za obdelavo za posamezen namen obdelave, pri \u010demer imate vedno pravico, da dano privolitev prekli\u010dete<\/span><\/span><\/li>\n<li><span style=\"font-family: Verdana, serif;\"><span style=\"font-size: small;\">kadar imamo za obdelavo va\u0161ih osebnih podatkov zakonit interes\u00a0<\/span><\/span><span style=\"color: #595959;\"><span style=\"font-family: Verdana, serif;\"><span style=\"font-size: small;\">(npr. ko vam po\u0161ljemo e-po\u0161to v primeru, da ste zapustili nakupovalno ko\u0161arico na na\u0161i spletni strani brez dokon\u010danja nakupa)<\/span><\/span><\/span><span style=\"font-family: Verdana, serif;\"><span style=\"font-size: small;\">.<\/span><\/span><\/li>\n<\/ul>\n<p class=\"western\"><span style=\"font-family: Verdana, serif;\"><span style=\"font-size: small;\"><b>Nameni obdelave osebnih podatkov<\/b><\/span><\/span><\/p>\n<p class=\"western\"><span style=\"font-family: Verdana, serif;\"><span style=\"font-size: small;\">Va\u0161e osebne podatke lahko uporabljamo za enega ali ve\u010d navedenih namenov:<\/span><\/span><\/p>\n<ul>\n<li><span style=\"font-family: Verdana, serif;\"><span style=\"font-size: small;\">komuniciranje z vami glede zagotavljanja na\u0161ih storitev ter odgovarjanja na va\u0161a povpra\u0161evanja;<\/span><\/span><\/li>\n<li><span style=\"font-family: Verdana, serif;\"><span style=\"font-size: small;\">sklenitev pogodbe in izpolnitev obveznosti, ki izhajajo iz sklenjene pogodbe;<\/span><\/span><\/li>\n<li><span style=\"font-family: Verdana, serif;\"><span style=\"font-size: small;\">tr\u017eno komuniciranje (po\u0161iljanje e-po\u0161te, navadne po\u0161te in SMS sporo\u010dil);<\/span><\/span><\/li>\n<li><span style=\"font-family: Verdana, serif;\"><span style=\"font-size: small;\">tr\u017eno komuniciranje na podlagi prilagojenih oz. individualiziranih ponudb in sporo\u010dil, na oblikovanja uporabni\u0161kih profilov oziroma razvr\u0161\u010danja v skupine, od katerih lahko vsaka prejema tr\u017eno komunikacijo z druga\u010dno vsebino. Pri oblikovanju profilov spremljamo tudi posameznikovo aktivnost (kot npr. \u010das, ki ga posameznik pre\u017eivi na dolo\u010deni vsebini, katere vsebine ga zanimajo in odpiranje e-po\u0161tnih sporo\u010dil) ter frekvenco in vrednost preteklih nakupov;<\/span><\/span><\/li>\n<li><span style=\"font-family: Verdana, serif;\"><span style=\"font-size: small;\">za uveljavljanje kakr\u0161nihkoli pravnih zahtevkov in re\u0161evanje sporov;<\/span><\/span><\/li>\n<li><span style=\"font-family: Verdana, serif;\"><span style=\"font-size: small;\">za statisti\u010dne analize o prodaji na\u0161ega blaga in o uporabi na\u0161ih spletnih strani;<\/span><\/span><\/li>\n<\/ul>\n<p class=\"western\"><span style=\"font-family: Verdana, serif;\"><span style=\"font-size: small;\"><b>Kako dolgo hranimo va\u0161e osebne podatke in kaj se z njimi zgodi potem<\/b><\/span><\/span><\/p>\n<p class=\"western\"><span style=\"font-family: Verdana, serif;\"><span style=\"font-size: small;\">Osnovne osebne podatke hranimo ve\u010d \u010das, dokler imate status na\u0161ega registriranega uporabnika na na\u0161ih spletnih straneh.<\/span><\/span><\/p>\n<p class=\"western\"><span style=\"font-family: Verdana, serif;\"><span style=\"font-size: small;\">Osebne podatke, ki jih obdelujemo na podlagi va\u0161e privolitve, hranimo trajno oz. do preklica te privolitve z va\u0161e strani.<\/span><\/span><\/p>\n<p class=\"western\"><span style=\"font-family: Verdana, serif;\"><span style=\"font-size: small;\">Podatke o izdanih ra\u010dunih hranimo 10 let od izdaje.<\/span><\/span><\/p>\n<p class=\"western\"><span style=\"font-family: Verdana, serif;\"><span style=\"font-size: small;\">Podatke, ki si potrebni za sklenitev in izpolnitev pogodbe med vami in nami, hranimo \u0161e 5 let od izpolnitve pogodbe (dobave blaga).<\/span><\/span><\/p>\n<p class=\"western\"><span style=\"font-family: Verdana, serif;\"><span style=\"font-size: small;\">Po poteku roka hrambe osebne podatke u\u010dinkovito izbri\u0161emo ali anonimiziramo, kar pomeni, da jih obdelamo na tak na\u010din, da jih nikakor ni ve\u010d mogo\u010de povezati z vami oziroma ji pripisati vam.<\/span><\/span><\/p>\n<p class=\"western\"><span style=\"font-family: Verdana, serif;\"><span style=\"font-size: small;\"><b>Prostovoljnost posredovanja podatkov in posledice neposredovanja<\/b><\/span><\/span><\/p>\n<p class=\"western\"><span style=\"font-family: Verdana, serif;\"><span style=\"font-size: small;\">Posredovanje osebnih podatkov je prostovoljno. Osebnih podatkov nam niste dol\u017eni posredovati, vendar pa v primeru, da jih ne posredujete, ne more prejeti dolo\u010denih storitev oziroma z nami skleniti pogodbe. Kateri podatki so taki, da njihovo neposredovanje povzro\u010di navedene posledice, bomo navedli vsaki\u010d, ko bomo od vas pridobivali osebne podatke.<\/span><\/span><\/p>\n<p class=\"western\"><span style=\"font-family: Verdana, serif;\"><span style=\"font-size: small;\"><b>Kdo ima dostop do va\u0161ih osebnih podatkov<\/b><\/span><\/span><\/p>\n<p class=\"western\"><span style=\"font-family: Verdana, serif;\"><span style=\"font-size: small;\">Va\u0161ih osebnih podatkov ne posredujemo in ne omogo\u010damo seznanitve z njimi tretjim osebam (izven dru\u017ebe Gardenia Ars florae, d.d.) razen tistim, ki imajo z nami sklenjeno pisno pogodbo, na podlagi katere izvajajo dolo\u010dena opravila v zvezi z obdelavo podatkov in so dol\u017eni spo\u0161tovati zakonodajo glede obdelave in varstva osebnih podatkov (t.i. pogodbeni obdelovalci). Pogodbeni obdelovalci, ki jim posredujemo osebne podatke, so:<\/span><\/span><\/p>\n<p class=\"western\"><span style=\"font-family: Verdana, serif;\"><span style=\"font-size: small;\">&#8211; ponudniki storitev marketinga;<\/span><\/span><\/p>\n<p class=\"western\"><span style=\"font-family: Verdana, serif;\"><span style=\"font-size: small;\">&#8211; ponudniki klicnih studiev;<\/span><\/span><\/p>\n<p class=\"western\"><span style=\"font-family: Verdana, serif;\"><span style=\"font-size: small;\">&#8211; ponudniki po\u0161iljanja e-po\u0161tnih sporo\u010dil;<\/span><\/span><\/p>\n<p class=\"western\"><a name=\"_GoBack\"><\/a><span style=\"font-family: Verdana, serif;\"><span style=\"font-size: small;\">&#8211; ponudniki po\u0161iljanja direktne po\u0161te.<\/span><\/span><\/p>\n<p class=\"western\"><span style=\"font-family: Verdana, serif;\"><span style=\"font-size: small;\">Pogodbeni obdelovalci smejo osebne podatke obdelovati zgolj v okviru na\u0161ih navodil in osebnih podatkov ne smejo obdelovati za lastne namene. Zavezani so, skupaj s svojimi zaposlenimi, k varovanju zaupnosti va\u0161ih osebnih podatkov.<\/span><\/span><\/p>\n<p class=\"western\"><span style=\"font-family: Verdana, serif;\"><span style=\"font-size: small;\">Pogodbeni obdelovalci osebnih podatkov ne izna\u0161ajo v tretje dr\u017eave (izven dr\u017eav \u010dlanic Evropskega gospodarskega prostora \u2013 \u010dlanice EU ter Islandija, Norve\u0161ka in Liechtenstein).<\/span><\/span><\/p>\n<p class=\"western\"><span style=\"font-family: Verdana, serif;\"><span style=\"font-size: small;\"><b>Kak\u0161ne pravice imate v zvezi z osebnimi podatki, kako lahko prekli\u010dete privolitev za obdelavo in kak\u0161ne so posledice preklica<\/b><\/span><\/span><\/p>\n<p class=\"western\"><span style=\"font-family: Verdana, serif;\"><span style=\"font-size: small;\">Glede svojih osebnih podatkov imate naslednje pravice:<\/span><\/span><\/p>\n<ul>\n<li><span style=\"font-family: Verdana, serif;\"><span style=\"font-size: small;\">da od nas kadarkoli zahtevate:<\/span><\/span>\n<ul>\n<li><span style=\"font-family: Verdana, serif;\"><span style=\"font-size: small;\">potrditev, ali obdelujemo va\u0161e osebne podatke;<\/span><\/span><\/li>\n<li><span style=\"font-family: Verdana, serif;\"><span style=\"font-size: small;\">dostop do osebnih podatkov in naslednje informacije: namene obdelave; vrste osebnih podatkov; uporabnike ali kategorije uporabnikov, ki so jim bili ali jim bodo razkriti osebni podatki, zlasti uporabnike v tretjih dr\u017eavah ali mednarodnih organizacijah; predvideno obdobje hrambe osebnih podatkov ali, \u010de to ni mogo\u010de, merila, ki se uporabijo za dolo\u010ditev tega obdobja; obstoj avtomatiziranega sprejemanja odlo\u010ditev, vklju\u010dno z oblikovanjem profilov ter razloge zanj kot tudi pomen in predvidene posledice take obdelave za vas;<\/span><\/span><\/li>\n<li><span style=\"font-family: Verdana, serif;\"><span style=\"font-size: small;\">eno (brezpla\u010dno) kopijo osebnih podatkov v obliki, ki jo dolo\u010dite sami (\u010de je zahteva podana z elektronskim sredstvom za komunikacijo in ne zahtevate druga\u010de, se kopija zagotovi v elektronski obliki); za dodatne kopije, ki jih zahtevate, lahko zara\u010dunamo razumno pristojbino ob upo\u0161tevanju stro\u0161kov;<\/span><\/span><\/li>\n<li><span style=\"font-family: Verdana, serif;\"><span style=\"font-size: small;\">popravek neto\u010dnih osebnih podatkov;<\/span><\/span><\/li>\n<li><span style=\"font-family: Verdana, serif;\"><span style=\"font-size: small;\">omejitev obdelave, kadar:<\/span><\/span>\n<ul>\n<li><span style=\"font-family: Verdana, serif;\"><span style=\"font-size: small;\">oporekate to\u010dnosti osebnih podatkov, in sicer za obdobje, ki nam omogo\u010da preveriti to\u010dnost osebnih podatkov;<\/span><\/span><\/li>\n<li><span style=\"font-family: Verdana, serif;\"><span style=\"font-size: small;\">je obdelava nezakonita in nasprotujete izbrisu osebnih podatkov ter namesto tega zahtevate omejitev njihove uporabe;<\/span><\/span><\/li>\n<li><span style=\"font-family: Verdana, serif;\"><span style=\"font-size: small;\">osebnih podatkov ne potrebujemo ve\u010d za namene obdelave, pa jih vi potrebuje za uveljavljanje, izvajanje ali obrambo pravnih zahtevkov;<\/span><\/span><\/li>\n<\/ul>\n<\/li>\n<li><span style=\"font-family: Verdana, serif;\"><span style=\"font-size: small;\">izbris vseh osebnih podatkov (pravica do pozabe), \u010de so izpolnjene predpostavke iz \u010dlena 17 Splo\u0161ne uredbe o varstvu podatkov, predvsem pa v primeru, kadar prekli\u010dete privolitev za obdelavo osebnih podatkov;<\/span><\/span><\/li>\n<li><span style=\"font-family: Verdana, serif;\"><span style=\"font-size: small;\">izpis osebnih podatkov v strukturirani, splo\u0161no uporabljani in strojno berljivi obliki, s pravico, da te podatke posredujete drugemu upravljavcu, ne da bi vas mi pri tem ovirali;<\/span><\/span><\/li>\n<li><span style=\"font-family: Verdana, serif;\"><span style=\"font-size: small;\">prenehanje uporabe osebnih podatkov za namene neposrednega tr\u017eenja, vklju\u010dno z oblikovanjem profilov;<\/span><\/span><\/li>\n<li><span style=\"font-family: Verdana, serif;\"><span style=\"font-size: small;\">da za vas ne velja odlo\u010ditev, ki temelji zgolj na avtomatizirani obdelavi, vklju\u010dno z oblikovanjem profilov \u010de so izpolnjene predpostavke iz \u010dlena 22 Splo\u0161ne uredbe o varstvu podatkov.<\/span><\/span><\/li>\n<\/ul>\n<\/li>\n<li><span style=\"font-family: Verdana, serif;\"><span style=\"font-size: small;\">pravico, da zoper nas vlo\u017eite prito\u017ebo pri Informacijskem poobla\u0161\u010dencu, \u010de menite, da obdelava va\u0161ih osebnih podatkov kr\u0161i Splo\u0161no uredbo o varstvu podatkov.<\/span><\/span><\/li>\n<\/ul>\n<p class=\"western\"><span style=\"font-family: Verdana, serif;\"><span style=\"font-size: small;\"><b>Postopek uveljavljanja pravic<\/b><\/span><\/span><\/p>\n<p class=\"western\"><span style=\"font-family: Verdana, serif;\"><span style=\"font-size: small;\">Svoje zahteve, ki se ti\u010dejo uveljavljanja pravic v zvezi z osebnimi podatki lahko naslovite v pisni obliki na katerikoli kontakt, ki je naveden pod\u00a0<\/span><\/span><span style=\"font-family: Verdana, serif;\"><span style=\"font-size: small;\"><u>Upravljavec osebnih podatkov in kontaktni podatki<\/u><\/span><\/span><span style=\"font-family: Verdana, serif;\"><span style=\"font-size: small;\">.<\/span><\/span><\/p>\n<p class=\"western\"><span style=\"font-family: Verdana, serif;\"><span style=\"font-size: small;\">Za potrebe zanesljive identifikacije v primeru uveljavljanja pravic v zvezi z osebnimi podatki lahko od vas zahtevamo dodatne podatke, ukrepanje pa lahko zavrnemo le v primeru, da doka\u017eemo, da vas ne moremo zanesljivo identificirati.<\/span><\/span><\/p>\n<p class=\"western\"><span style=\"font-family: Verdana, serif;\"><span style=\"font-size: small;\">Na va\u0161o zahtevo s katero uveljavljate svoje pravice v zvezi z osebnimi podatki, moramo odgovoriti brez nepotrebnega odla\u0161anja in najpozneje v enem mesecu od prejema va\u0161e zahteve.<\/span><\/span><\/p>","protected":false},"excerpt":{"rendered":"<p>Upravljavec osebnih podatkov in kontaktni podatki Ta politika velja za obdelavo (uporabo) katerihkoli osebnih podatkov, ki ga izvaja dru\u017eba\u00a0Gardenia Ars florae, d.d., Pot v Podgorje 27, 1261 [&hellip;]<\/p>","protected":false},"author":1,"featured_media":6916,"parent":0,"menu_order":0,"comment_status":"closed","ping_status":"closed","template":"","meta":{"_acf_changed":false,"footnotes":""},"class_list":["post-3302","page","type-page","status-publish","has-post-thumbnail","hentry"],"acf":[],"yoast_head":"<!-- This site is optimized with the Yoast SEO plugin v26.0 - https:\/\/yoast.com\/wordpress\/plugins\/seo\/ -->\n<title>Pravno obvestilo | Gardenia<\/title>\n<meta name=\"robots\" content=\"index, follow, max-snippet:-1, max-image-preview:large, max-video-preview:-1\" \/>\n<link rel=\"canonical\" href=\"https:\/\/gardenia.si\/en\/pravno-obvestilo\/\" \/>\n<meta property=\"og:locale\" content=\"en_US\" \/>\n<meta property=\"og:type\" content=\"article\" \/>\n<meta property=\"og:title\" content=\"Pravno obvestilo | Gardenia\" \/>\n<meta property=\"og:description\" content=\"Upravljavec osebnih podatkov in kontaktni podatki Ta politika velja za obdelavo (uporabo) katerihkoli osebnih podatkov, ki ga izvaja dru\u017eba\u00a0Gardenia Ars florae, d.d., Pot v Podgorje 27, 1261 [&hellip;]\" \/>\n<meta property=\"og:url\" content=\"https:\/\/gardenia.si\/en\/pravno-obvestilo\/\" \/>\n<meta property=\"og:site_name\" content=\"Gardenia\" \/>\n<meta property=\"article:modified_time\" content=\"2019-03-02T12:40:31+00:00\" \/>\n<meta property=\"og:image\" content=\"https:\/\/gardenia.si\/wp-content\/uploads\/2018\/12\/MG_2855_mini.jpg\" \/>\n\t<meta property=\"og:image:width\" content=\"2600\" \/>\n\t<meta property=\"og:image:height\" content=\"1733\" \/>\n\t<meta property=\"og:image:type\" content=\"image\/jpeg\" \/>\n<meta name=\"twitter:card\" content=\"summary_large_image\" \/>\n<meta name=\"twitter:label1\" content=\"Est. reading time\" \/>\n\t<meta name=\"twitter:data1\" content=\"6 minutes\" \/>\n<script type=\"application\/ld+json\" class=\"yoast-schema-graph\">{\"@context\":\"https:\/\/schema.org\",\"@graph\":[{\"@type\":\"WebPage\",\"@id\":\"https:\/\/gardenia.si\/pravno-obvestilo\/\",\"url\":\"https:\/\/gardenia.si\/pravno-obvestilo\/\",\"name\":\"Pravno obvestilo | Gardenia\",\"isPartOf\":{\"@id\":\"https:\/\/gardenia.si\/#website\"},\"primaryImageOfPage\":{\"@id\":\"https:\/\/gardenia.si\/pravno-obvestilo\/#primaryimage\"},\"image\":{\"@id\":\"https:\/\/gardenia.si\/pravno-obvestilo\/#primaryimage\"},\"thumbnailUrl\":\"https:\/\/gardenia.si\/wp-content\/uploads\/2018\/12\/MG_2855_mini.jpg\",\"datePublished\":\"2017-12-05T11:27:36+00:00\",\"dateModified\":\"2019-03-02T12:40:31+00:00\",\"breadcrumb\":{\"@id\":\"https:\/\/gardenia.si\/pravno-obvestilo\/#breadcrumb\"},\"inLanguage\":\"en-US\",\"potentialAction\":[{\"@type\":\"ReadAction\",\"target\":[\"https:\/\/gardenia.si\/pravno-obvestilo\/\"]}]},{\"@type\":\"ImageObject\",\"inLanguage\":\"en-US\",\"@id\":\"https:\/\/gardenia.si\/pravno-obvestilo\/#primaryimage\",\"url\":\"https:\/\/gardenia.si\/wp-content\/uploads\/2018\/12\/MG_2855_mini.jpg\",\"contentUrl\":\"https:\/\/gardenia.si\/wp-content\/uploads\/2018\/12\/MG_2855_mini.jpg\",\"width\":2600,\"height\":1733},{\"@type\":\"BreadcrumbList\",\"@id\":\"https:\/\/gardenia.si\/pravno-obvestilo\/#breadcrumb\",\"itemListElement\":[{\"@type\":\"ListItem\",\"position\":1,\"name\":\"Home\",\"item\":\"https:\/\/gardenia.si\/\"},{\"@type\":\"ListItem\",\"position\":2,\"name\":\"Pravno obvestilo\"}]},{\"@type\":\"WebSite\",\"@id\":\"https:\/\/gardenia.si\/#website\",\"url\":\"https:\/\/gardenia.si\/\",\"name\":\"Gardenia\",\"description\":\"Prijazni cvetli\u010darji. \u010cisto blizu vas.\",\"publisher\":{\"@id\":\"https:\/\/gardenia.si\/#organization\"},\"potentialAction\":[{\"@type\":\"SearchAction\",\"target\":{\"@type\":\"EntryPoint\",\"urlTemplate\":\"https:\/\/gardenia.si\/?s={search_term_string}\"},\"query-input\":{\"@type\":\"PropertyValueSpecification\",\"valueRequired\":true,\"valueName\":\"search_term_string\"}}],\"inLanguage\":\"en-US\"},{\"@type\":\"Organization\",\"@id\":\"https:\/\/gardenia.si\/#organization\",\"name\":\"Gardenia Ars Florae\",\"url\":\"https:\/\/gardenia.si\/\",\"logo\":{\"@type\":\"ImageObject\",\"inLanguage\":\"en-US\",\"@id\":\"https:\/\/gardenia.si\/#\/schema\/logo\/image\/\",\"url\":\"https:\/\/gardenia.si\/wp-content\/uploads\/2018\/12\/gardenia-logo-temen.png\",\"contentUrl\":\"https:\/\/gardenia.si\/wp-content\/uploads\/2018\/12\/gardenia-logo-temen.png\",\"width\":625,\"height\":116,\"caption\":\"Gardenia Ars Florae\"},\"image\":{\"@id\":\"https:\/\/gardenia.si\/#\/schema\/logo\/image\/\"}}]}<\/script>\n<!-- \/ Yoast SEO plugin. -->","yoast_head_json":{"title":"Pravno obvestilo | Gardenia","robots":{"index":"index","follow":"follow","max-snippet":"max-snippet:-1","max-image-preview":"max-image-preview:large","max-video-preview":"max-video-preview:-1"},"canonical":"https:\/\/gardenia.si\/en\/pravno-obvestilo\/","og_locale":"en_US","og_type":"article","og_title":"Pravno obvestilo | Gardenia","og_description":"Upravljavec osebnih podatkov in kontaktni podatki Ta politika velja za obdelavo (uporabo) katerihkoli osebnih podatkov, ki ga izvaja dru\u017eba\u00a0Gardenia Ars florae, d.d., Pot v Podgorje 27, 1261 [&hellip;]","og_url":"https:\/\/gardenia.si\/en\/pravno-obvestilo\/","og_site_name":"Gardenia","article_modified_time":"2019-03-02T12:40:31+00:00","og_image":[{"width":2600,"height":1733,"url":"https:\/\/gardenia.si\/wp-content\/uploads\/2018\/12\/MG_2855_mini.jpg","type":"image\/jpeg"}],"twitter_card":"summary_large_image","twitter_misc":{"Est. reading time":"6 minutes"},"schema":{"@context":"https:\/\/schema.org","@graph":[{"@type":"WebPage","@id":"https:\/\/gardenia.si\/pravno-obvestilo\/","url":"https:\/\/gardenia.si\/pravno-obvestilo\/","name":"Pravno obvestilo | Gardenia","isPartOf":{"@id":"https:\/\/gardenia.si\/#website"},"primaryImageOfPage":{"@id":"https:\/\/gardenia.si\/pravno-obvestilo\/#primaryimage"},"image":{"@id":"https:\/\/gardenia.si\/pravno-obvestilo\/#primaryimage"},"thumbnailUrl":"https:\/\/gardenia.si\/wp-content\/uploads\/2018\/12\/MG_2855_mini.jpg","datePublished":"2017-12-05T11:27:36+00:00","dateModified":"2019-03-02T12:40:31+00:00","breadcrumb":{"@id":"https:\/\/gardenia.si\/pravno-obvestilo\/#breadcrumb"},"inLanguage":"en-US","potentialAction":[{"@type":"ReadAction","target":["https:\/\/gardenia.si\/pravno-obvestilo\/"]}]},{"@type":"ImageObject","inLanguage":"en-US","@id":"https:\/\/gardenia.si\/pravno-obvestilo\/#primaryimage","url":"https:\/\/gardenia.si\/wp-content\/uploads\/2018\/12\/MG_2855_mini.jpg","contentUrl":"https:\/\/gardenia.si\/wp-content\/uploads\/2018\/12\/MG_2855_mini.jpg","width":2600,"height":1733},{"@type":"BreadcrumbList","@id":"https:\/\/gardenia.si\/pravno-obvestilo\/#breadcrumb","itemListElement":[{"@type":"ListItem","position":1,"name":"Home","item":"https:\/\/gardenia.si\/"},{"@type":"ListItem","position":2,"name":"Pravno obvestilo"}]},{"@type":"WebSite","@id":"https:\/\/gardenia.si\/#website","url":"https:\/\/gardenia.si\/","name":"Gardenia","description":"Prijazni cvetli\u010darji. \u010cisto blizu vas.","publisher":{"@id":"https:\/\/gardenia.si\/#organization"},"potentialAction":[{"@type":"SearchAction","target":{"@type":"EntryPoint","urlTemplate":"https:\/\/gardenia.si\/?s={search_term_string}"},"query-input":{"@type":"PropertyValueSpecification","valueRequired":true,"valueName":"search_term_string"}}],"inLanguage":"en-US"},{"@type":"Organization","@id":"https:\/\/gardenia.si\/#organization","name":"Gardenia Ars Florae","url":"https:\/\/gardenia.si\/","logo":{"@type":"ImageObject","inLanguage":"en-US","@id":"https:\/\/gardenia.si\/#\/schema\/logo\/image\/","url":"https:\/\/gardenia.si\/wp-content\/uploads\/2018\/12\/gardenia-logo-temen.png","contentUrl":"https:\/\/gardenia.si\/wp-content\/uploads\/2018\/12\/gardenia-logo-temen.png","width":625,"height":116,"caption":"Gardenia Ars Florae"},"image":{"@id":"https:\/\/gardenia.si\/#\/schema\/logo\/image\/"}}]}},"_links":{"self":[{"href":"https:\/\/gardenia.si\/en\/wp-json\/wp\/v2\/pages\/3302","targetHints":{"allow":["GET"]}}],"collection":[{"href":"https:\/\/gardenia.si\/en\/wp-json\/wp\/v2\/pages"}],"about":[{"href":"https:\/\/gardenia.si\/en\/wp-json\/wp\/v2\/types\/page"}],"author":[{"embeddable":true,"href":"https:\/\/gardenia.si\/en\/wp-json\/wp\/v2\/users\/1"}],"replies":[{"embeddable":true,"href":"https:\/\/gardenia.si\/en\/wp-json\/wp\/v2\/comments?post=3302"}],"version-history":[{"count":6,"href":"https:\/\/gardenia.si\/en\/wp-json\/wp\/v2\/pages\/3302\/revisions"}],"predecessor-version":[{"id":7908,"href":"https:\/\/gardenia.si\/en\/wp-json\/wp\/v2\/pages\/3302\/revisions\/7908"}],"wp:featuredmedia":[{"embeddable":true,"href":"https:\/\/gardenia.si\/en\/wp-json\/wp\/v2\/media\/6916"}],"wp:attachment":[{"href":"https:\/\/gardenia.si\/en\/wp-json\/wp\/v2\/media?parent=3302"}],"curies":[{"name":"wp","href":"https:\/\/api.w.org\/{rel}","templated":true}]}}