{"id":7900,"date":"2019-03-02T13:15:40","date_gmt":"2019-03-02T12:15:40","guid":{"rendered":"https:\/\/gardenia.si\/?page_id=7900"},"modified":"2019-03-02T13:20:54","modified_gmt":"2019-03-02T12:20:54","slug":"kontakt","status":"publish","type":"page","link":"https:\/\/gardenia.si\/en\/kontakt\/","title":{"rendered":"Kontakt"},"content":{"rendered":"<div class=\"wpb-content-wrapper\"><div class=\"vc_row wpb_row vc_row-fluid vc_custom_1551529253924 vc_row-has-padding-top vc_row-has-padding-bottom\"><div class=\"wpb_column vc_column_container vc_col-sm-8\"><div class=\"vc_column-inner\"><div class=\"wpb_wrapper\"><header class=\"kd-section-title col-lg-12 text-left\" ><h2 class=\"separator_off\" >Po\u0161ljite nam sporo\u010dilo<\/h2><h6 class=\"subtitle\" >Predlogi, te\u017eave, naro\u010dila, ideje,.. sporo\u010dite nam.<\/h6><\/header>\n<div class=\"wpcf7 no-js\" id=\"wpcf7-f7903-o1\" lang=\"sl-SI\" dir=\"ltr\" data-wpcf7-id=\"7903\">\n<div class=\"screen-reader-response\"><p role=\"status\" aria-live=\"polite\" aria-atomic=\"true\"><\/p> <ul><\/ul><\/div>\n<form action=\"\/en\/wp-json\/wp\/v2\/pages\/7900#wpcf7-f7903-o1\" method=\"post\" class=\"wpcf7-form init\" aria-label=\"Contact form\" novalidate=\"novalidate\" data-status=\"init\" data-trp-original-action=\"\/en\/wp-json\/wp\/v2\/pages\/7900#wpcf7-f7903-o1\">\n<fieldset class=\"hidden-fields-container\"><input type=\"hidden\" name=\"_wpcf7\" value=\"7903\" \/><input type=\"hidden\" name=\"_wpcf7_version\" value=\"6.1.2\" \/><input type=\"hidden\" name=\"_wpcf7_locale\" value=\"sl_SI\" \/><input type=\"hidden\" name=\"_wpcf7_unit_tag\" value=\"wpcf7-f7903-o1\" \/><input type=\"hidden\" name=\"_wpcf7_container_post\" value=\"0\" \/><input type=\"hidden\" name=\"_wpcf7_posted_data_hash\" value=\"\" \/>\n<\/fieldset>\n<p><label> Va\u0161e ime (obvezno)<br \/>\n<span class=\"wpcf7-form-control-wrap\" data-name=\"your-name\"><input size=\"40\" maxlength=\"400\" class=\"wpcf7-form-control wpcf7-text wpcf7-validates-as-required\" aria-required=\"true\" aria-invalid=\"false\" value=\"\" type=\"text\" name=\"your-name\" \/><\/span> <\/label>\n<\/p>\n<p><label> Va\u0161 e-mail (obvezno)<br \/>\n<span class=\"wpcf7-form-control-wrap\" data-name=\"your-email\"><input size=\"40\" maxlength=\"400\" class=\"wpcf7-form-control wpcf7-email wpcf7-validates-as-required wpcf7-text wpcf7-validates-as-email\" aria-required=\"true\" aria-invalid=\"false\" value=\"\" type=\"email\" name=\"your-email\" \/><\/span> <\/label>\n<\/p>\n<p><label> Naslov sporo\u010dila<br \/>\n<span class=\"wpcf7-form-control-wrap\" data-name=\"your-subject\"><input size=\"40\" maxlength=\"400\" class=\"wpcf7-form-control wpcf7-text\" aria-invalid=\"false\" value=\"\" type=\"text\" name=\"your-subject\" \/><\/span> <\/label>\n<\/p>\n<p><label> Va\u0161e sporo\u010dilo<br \/>\n<span class=\"wpcf7-form-control-wrap\" data-name=\"your-message\"><textarea cols=\"40\" rows=\"10\" maxlength=\"2000\" class=\"wpcf7-form-control wpcf7-textarea\" aria-invalid=\"false\" name=\"your-message\"><\/textarea><\/span> <\/label>\n<\/p>\n<p><input class=\"wpcf7-form-control wpcf7-submit has-spinner\" type=\"submit\" value=\"Po\u0161lji\" \/>\n<\/p><div class=\"wpcf7-response-output\" aria-hidden=\"true\"><\/div>\n<input type=\"hidden\" name=\"trp-form-language\" value=\"en\"\/><\/form>\n<\/div>\n<\/div><\/div><\/div><div class=\"wpb_column vc_column_container vc_col-sm-4\"><div class=\"vc_column-inner\"><div class=\"wpb_wrapper\"><\/div><\/div><\/div><\/div>\n<\/div>","protected":false},"excerpt":{"rendered":"Po\u0161ljite nam sporo\u010diloPredlogi, te\u017eave, naro\u010dila, ideje,.. sporo\u010dite nam. Va\u0161e ime (obvezno) Va\u0161 e-mail (obvezno) Naslov sporo\u010dila Va\u0161e sporo\u010dilo","protected":false},"author":1,"featured_media":0,"parent":0,"menu_order":0,"comment_status":"closed","ping_status":"closed","template":"","meta":{"_acf_changed":false,"footnotes":""},"class_list":["post-7900","page","type-page","status-publish","hentry"],"acf":[],"yoast_head":"<!-- This site is optimized with the Yoast SEO plugin v26.0 - https:\/\/yoast.com\/wordpress\/plugins\/seo\/ -->\n<title>Kontakt | Gardenia<\/title>\n<meta name=\"robots\" content=\"index, follow, max-snippet:-1, max-image-preview:large, max-video-preview:-1\" \/>\n<link rel=\"canonical\" href=\"https:\/\/gardenia.si\/en\/kontakt\/\" \/>\n<meta property=\"og:locale\" content=\"en_US\" \/>\n<meta property=\"og:type\" content=\"article\" \/>\n<meta property=\"og:title\" content=\"Kontakt | Gardenia\" \/>\n<meta property=\"og:url\" content=\"https:\/\/gardenia.si\/en\/kontakt\/\" \/>\n<meta property=\"og:site_name\" content=\"Gardenia\" \/>\n<meta property=\"article:modified_time\" content=\"2019-03-02T12:20:54+00:00\" \/>\n<meta name=\"twitter:card\" content=\"summary_large_image\" \/>\n<script type=\"application\/ld+json\" class=\"yoast-schema-graph\">{\"@context\":\"https:\/\/schema.org\",\"@graph\":[{\"@type\":\"WebPage\",\"@id\":\"https:\/\/gardenia.si\/kontakt\/\",\"url\":\"https:\/\/gardenia.si\/kontakt\/\",\"name\":\"Kontakt | Gardenia\",\"isPartOf\":{\"@id\":\"https:\/\/gardenia.si\/#website\"},\"datePublished\":\"2019-03-02T12:15:40+00:00\",\"dateModified\":\"2019-03-02T12:20:54+00:00\",\"breadcrumb\":{\"@id\":\"https:\/\/gardenia.si\/kontakt\/#breadcrumb\"},\"inLanguage\":\"en-US\",\"potentialAction\":[{\"@type\":\"ReadAction\",\"target\":[\"https:\/\/gardenia.si\/kontakt\/\"]}]},{\"@type\":\"BreadcrumbList\",\"@id\":\"https:\/\/gardenia.si\/kontakt\/#breadcrumb\",\"itemListElement\":[{\"@type\":\"ListItem\",\"position\":1,\"name\":\"Home\",\"item\":\"https:\/\/gardenia.si\/\"},{\"@type\":\"ListItem\",\"position\":2,\"name\":\"Kontakt\"}]},{\"@type\":\"WebSite\",\"@id\":\"https:\/\/gardenia.si\/#website\",\"url\":\"https:\/\/gardenia.si\/\",\"name\":\"Gardenia\",\"description\":\"Prijazni cvetli\u010darji. \u010cisto blizu vas.\",\"publisher\":{\"@id\":\"https:\/\/gardenia.si\/#organization\"},\"potentialAction\":[{\"@type\":\"SearchAction\",\"target\":{\"@type\":\"EntryPoint\",\"urlTemplate\":\"https:\/\/gardenia.si\/?s={search_term_string}\"},\"query-input\":{\"@type\":\"PropertyValueSpecification\",\"valueRequired\":true,\"valueName\":\"search_term_string\"}}],\"inLanguage\":\"en-US\"},{\"@type\":\"Organization\",\"@id\":\"https:\/\/gardenia.si\/#organization\",\"name\":\"Gardenia Ars Florae\",\"url\":\"https:\/\/gardenia.si\/\",\"logo\":{\"@type\":\"ImageObject\",\"inLanguage\":\"en-US\",\"@id\":\"https:\/\/gardenia.si\/#\/schema\/logo\/image\/\",\"url\":\"https:\/\/gardenia.si\/wp-content\/uploads\/2018\/12\/gardenia-logo-temen.png\",\"contentUrl\":\"https:\/\/gardenia.si\/wp-content\/uploads\/2018\/12\/gardenia-logo-temen.png\",\"width\":625,\"height\":116,\"caption\":\"Gardenia Ars Florae\"},\"image\":{\"@id\":\"https:\/\/gardenia.si\/#\/schema\/logo\/image\/\"}}]}<\/script>\n<!-- \/ Yoast SEO plugin. -->","yoast_head_json":{"title":"Kontakt | Gardenia","robots":{"index":"index","follow":"follow","max-snippet":"max-snippet:-1","max-image-preview":"max-image-preview:large","max-video-preview":"max-video-preview:-1"},"canonical":"https:\/\/gardenia.si\/en\/kontakt\/","og_locale":"en_US","og_type":"article","og_title":"Kontakt | Gardenia","og_url":"https:\/\/gardenia.si\/en\/kontakt\/","og_site_name":"Gardenia","article_modified_time":"2019-03-02T12:20:54+00:00","twitter_card":"summary_large_image","schema":{"@context":"https:\/\/schema.org","@graph":[{"@type":"WebPage","@id":"https:\/\/gardenia.si\/kontakt\/","url":"https:\/\/gardenia.si\/kontakt\/","name":"Kontakt | Gardenia","isPartOf":{"@id":"https:\/\/gardenia.si\/#website"},"datePublished":"2019-03-02T12:15:40+00:00","dateModified":"2019-03-02T12:20:54+00:00","breadcrumb":{"@id":"https:\/\/gardenia.si\/kontakt\/#breadcrumb"},"inLanguage":"en-US","potentialAction":[{"@type":"ReadAction","target":["https:\/\/gardenia.si\/kontakt\/"]}]},{"@type":"BreadcrumbList","@id":"https:\/\/gardenia.si\/kontakt\/#breadcrumb","itemListElement":[{"@type":"ListItem","position":1,"name":"Home","item":"https:\/\/gardenia.si\/"},{"@type":"ListItem","position":2,"name":"Kontakt"}]},{"@type":"WebSite","@id":"https:\/\/gardenia.si\/#website","url":"https:\/\/gardenia.si\/","name":"Gardenia","description":"Prijazni cvetli\u010darji. \u010cisto blizu vas.","publisher":{"@id":"https:\/\/gardenia.si\/#organization"},"potentialAction":[{"@type":"SearchAction","target":{"@type":"EntryPoint","urlTemplate":"https:\/\/gardenia.si\/?s={search_term_string}"},"query-input":{"@type":"PropertyValueSpecification","valueRequired":true,"valueName":"search_term_string"}}],"inLanguage":"en-US"},{"@type":"Organization","@id":"https:\/\/gardenia.si\/#organization","name":"Gardenia Ars Florae","url":"https:\/\/gardenia.si\/","logo":{"@type":"ImageObject","inLanguage":"en-US","@id":"https:\/\/gardenia.si\/#\/schema\/logo\/image\/","url":"https:\/\/gardenia.si\/wp-content\/uploads\/2018\/12\/gardenia-logo-temen.png","contentUrl":"https:\/\/gardenia.si\/wp-content\/uploads\/2018\/12\/gardenia-logo-temen.png","width":625,"height":116,"caption":"Gardenia Ars Florae"},"image":{"@id":"https:\/\/gardenia.si\/#\/schema\/logo\/image\/"}}]}},"_links":{"self":[{"href":"https:\/\/gardenia.si\/en\/wp-json\/wp\/v2\/pages\/7900","targetHints":{"allow":["GET"]}}],"collection":[{"href":"https:\/\/gardenia.si\/en\/wp-json\/wp\/v2\/pages"}],"about":[{"href":"https:\/\/gardenia.si\/en\/wp-json\/wp\/v2\/types\/page"}],"author":[{"embeddable":true,"href":"https:\/\/gardenia.si\/en\/wp-json\/wp\/v2\/users\/1"}],"replies":[{"embeddable":true,"href":"https:\/\/gardenia.si\/en\/wp-json\/wp\/v2\/comments?post=7900"}],"version-history":[{"count":5,"href":"https:\/\/gardenia.si\/en\/wp-json\/wp\/v2\/pages\/7900\/revisions"}],"predecessor-version":[{"id":7907,"href":"https:\/\/gardenia.si\/en\/wp-json\/wp\/v2\/pages\/7900\/revisions\/7907"}],"wp:attachment":[{"href":"https:\/\/gardenia.si\/en\/wp-json\/wp\/v2\/media?parent=7900"}],"curies":[{"name":"wp","href":"https:\/\/api.w.org\/{rel}","templated":true}]}}