{"id":8122,"date":"2019-03-19T22:54:49","date_gmt":"2019-03-19T21:54:49","guid":{"rendered":"https:\/\/gardenia.si\/?page_id=8122"},"modified":"2019-03-19T23:03:20","modified_gmt":"2019-03-19T22:03:20","slug":"oddaja-povprasevanja-za-osebni-prevzem","status":"publish","type":"page","link":"https:\/\/gardenia.si\/en\/oddaja-povprasevanja-za-osebni-prevzem\/","title":{"rendered":"Oddaja povpra\u0161evanja za osebni prevzem"},"content":{"rendered":"<div class=\"wpb-content-wrapper\"><div class=\"vc_row wpb_row vc_row-fluid vc_custom_1553030865605 vc_row-has-padding-top vc_row-has-padding-bottom\"><div class=\"wpb_column vc_column_container vc_col-sm-6\"><div class=\"vc_column-inner\"><div class=\"wpb_wrapper\">\n<div class=\"wpcf7 no-js\" id=\"wpcf7-f8124-o1\" lang=\"sl-SI\" dir=\"ltr\" data-wpcf7-id=\"8124\">\n<div class=\"screen-reader-response\"><p role=\"status\" aria-live=\"polite\" aria-atomic=\"true\"><\/p> <ul><\/ul><\/div>\n<form action=\"\/en\/wp-json\/wp\/v2\/pages\/8122#wpcf7-f8124-o1\" method=\"post\" class=\"wpcf7-form init\" aria-label=\"Contact form\" novalidate=\"novalidate\" data-status=\"init\" data-trp-original-action=\"\/en\/wp-json\/wp\/v2\/pages\/8122#wpcf7-f8124-o1\">\n<fieldset class=\"hidden-fields-container\"><input type=\"hidden\" name=\"_wpcf7\" value=\"8124\" \/><input type=\"hidden\" name=\"_wpcf7_version\" value=\"6.1.2\" \/><input type=\"hidden\" name=\"_wpcf7_locale\" value=\"sl_SI\" \/><input type=\"hidden\" name=\"_wpcf7_unit_tag\" value=\"wpcf7-f8124-o1\" \/><input type=\"hidden\" name=\"_wpcf7_container_post\" value=\"0\" \/><input type=\"hidden\" name=\"_wpcf7_posted_data_hash\" value=\"\" \/>\n<\/fieldset>\n<p><label> Va\u0161e ime (obvezno)<br \/>\n<span class=\"wpcf7-form-control-wrap\" data-name=\"vase-ime\"><input size=\"40\" maxlength=\"400\" class=\"wpcf7-form-control wpcf7-text wpcf7-validates-as-required\" aria-required=\"true\" aria-invalid=\"false\" value=\"\" type=\"text\" name=\"vase-ime\" \/><\/span> <\/label>\n<\/p>\n<p><label> Va\u0161e priimek (obvezno)<br \/>\n<span class=\"wpcf7-form-control-wrap\" data-name=\"naziv-priimek\"><input size=\"40\" maxlength=\"400\" class=\"wpcf7-form-control wpcf7-text wpcf7-validates-as-required\" aria-required=\"true\" aria-invalid=\"false\" value=\"\" type=\"text\" name=\"naziv-priimek\" \/><\/span> <\/label>\n<\/p>\n<p><label> Naziv podjetja (neobvezno)<br \/>\n<span class=\"wpcf7-form-control-wrap\" data-name=\"naziv-podjetja\"><input size=\"40\" maxlength=\"400\" class=\"wpcf7-form-control wpcf7-text\" aria-invalid=\"false\" value=\"\" type=\"text\" name=\"naziv-podjetja\" \/><\/span> <\/label>\n<\/p>\n<p><label> Dav\u010dna \u0161tevilka podjetja (neobvezno)<br \/>\n<span class=\"wpcf7-form-control-wrap\" data-name=\"davcna-stevilka-podjetja\"><input size=\"40\" maxlength=\"400\" class=\"wpcf7-form-control wpcf7-text\" aria-invalid=\"false\" value=\"\" type=\"text\" name=\"davcna-stevilka-podjetja\" \/><\/span> <\/label>\n<\/p>\n<p><label> Ulica (obvezno)<br \/>\n<span class=\"wpcf7-form-control-wrap\" data-name=\"ulica\"><input size=\"40\" maxlength=\"400\" class=\"wpcf7-form-control wpcf7-text wpcf7-validates-as-required\" aria-required=\"true\" aria-invalid=\"false\" value=\"\" type=\"text\" name=\"ulica\" \/><\/span> <\/label>\n<\/p>\n<p><label> Stanovanje, nadstropje (neobvezno)<br \/>\n<span class=\"wpcf7-form-control-wrap\" data-name=\"stanovanje-nadstropje\"><input size=\"40\" maxlength=\"400\" class=\"wpcf7-form-control wpcf7-text\" aria-invalid=\"false\" value=\"\" type=\"text\" name=\"stanovanje-nadstropje\" \/><\/span> <\/label>\n<\/p>\n<p><label> Po\u0161tna \u0161tevilka (obvezno)<br \/>\n<span class=\"wpcf7-form-control-wrap\" data-name=\"postna-stevilka\"><input size=\"40\" maxlength=\"400\" class=\"wpcf7-form-control wpcf7-text wpcf7-validates-as-required\" aria-required=\"true\" aria-invalid=\"false\" value=\"\" type=\"text\" name=\"postna-stevilka\" \/><\/span> <\/label>\n<\/p>\n<p><label> Mesto (obvezno)<br \/>\n<span class=\"wpcf7-form-control-wrap\" data-name=\"mesto\"><input size=\"40\" maxlength=\"400\" class=\"wpcf7-form-control wpcf7-text wpcf7-validates-as-required\" aria-required=\"true\" aria-invalid=\"false\" value=\"\" type=\"text\" name=\"mesto\" \/><\/span> <\/label>\n<\/p>\n<p><label> Va\u0161 email (obvezno)<br \/>\n<span class=\"wpcf7-form-control-wrap\" data-name=\"vas-email\"><input size=\"40\" maxlength=\"400\" class=\"wpcf7-form-control wpcf7-email wpcf7-validates-as-required wpcf7-text wpcf7-validates-as-email\" aria-required=\"true\" aria-invalid=\"false\" value=\"\" type=\"email\" name=\"vas-email\" \/><\/span> <\/label>\n<\/p>\n<p><label> Telefon (obvezno)<br \/>\n<span class=\"wpcf7-form-control-wrap\" data-name=\"vas-telefon\"><input size=\"40\" maxlength=\"400\" class=\"wpcf7-form-control wpcf7-text\" aria-invalid=\"false\" value=\"\" type=\"text\" name=\"vas-telefon\" \/><\/span> <\/label>\n<\/p>\n<p><label> Va\u0161e narocilo (obvezno, pripi\u0161ite imena izdelkov lo\u010denih z vejico)<br \/>\n<span class=\"wpcf7-form-control-wrap\" data-name=\"vase-narocilo\"><textarea cols=\"40\" rows=\"10\" maxlength=\"2000\" class=\"wpcf7-form-control wpcf7-textarea\" aria-invalid=\"false\" name=\"vase-narocilo\"><\/textarea><\/span> <\/label>\n<\/p>\n<p><label> Prevzem naro\u010dila v cvetli\u010darni (obvezno)<\/label><br \/>\n<span class=\"wpcf7-form-control-wrap\" data-name=\"prevzem-v-cvetlicarni\"><select class=\"wpcf7-form-control wpcf7-select wpcf7-validates-as-required\" aria-required=\"true\" aria-invalid=\"false\" name=\"prevzem-v-cvetlicarni\"><option value=\"Konzorcij\">Konzorcij<\/option><option value=\"Pasa\u017ea Maxi\">Pasa\u017ea Maxi<\/option><option value=\"Rozmanova\">Rozmanova<\/option><option value=\"Celov\u0161ka\">Celov\u0161ka<\/option><option value=\"Mercator \u0160i\u0161ka\">Mercator \u0160i\u0161ka<\/option><option value=\"Supernova Rudnik\">Supernova Rudnik<\/option><option value=\"Citypark Ljubljana\">Citypark Ljubljana<\/option><option value=\"Center Interspar Vi\u010d\">Center Interspar Vi\u010d<\/option><option value=\"CityCenter Celje\">CityCenter Celje<\/option><\/select><\/span>\n<\/p>\n<p><label> Opombe (neobvezno)<br \/>\n<span class=\"wpcf7-form-control-wrap\" data-name=\"opombe\"><textarea cols=\"40\" rows=\"10\" maxlength=\"2000\" class=\"wpcf7-form-control wpcf7-textarea\" aria-invalid=\"false\" name=\"opombe\"><\/textarea><\/span> <\/label>\n<\/p>\n<p><input class=\"wpcf7-form-control wpcf7-submit has-spinner\" type=\"submit\" value=\"Po\u0161lji\" \/>\n<\/p><div class=\"wpcf7-response-output\" aria-hidden=\"true\"><\/div>\n<input type=\"hidden\" name=\"trp-form-language\" value=\"en\"\/><\/form>\n<\/div>\n<\/div><\/div><\/div><div class=\"wpb_column vc_column_container vc_col-sm-6\"><div class=\"vc_column-inner\"><div class=\"wpb_wrapper\"><\/div><\/div><\/div><\/div>\n<\/div>","protected":false},"excerpt":{"rendered":"Va\u0161e ime (obvezno) Va\u0161e priimek (obvezno) Naziv podjetja (neobvezno) Dav\u010dna \u0161tevilka podjetja (neobvezno) Ulica (obvezno) Stanovanje, nadstropje (neobvezno) Po\u0161tna \u0161tevilka (obvezno) Mesto (obvezno) Va\u0161 email (obvezno) Telefon [...]","protected":false},"author":1,"featured_media":0,"parent":0,"menu_order":0,"comment_status":"closed","ping_status":"closed","template":"","meta":{"_acf_changed":false,"footnotes":""},"class_list":["post-8122","page","type-page","status-publish","hentry"],"acf":[],"yoast_head":"<!-- This site is optimized with the Yoast SEO plugin v26.0 - https:\/\/yoast.com\/wordpress\/plugins\/seo\/ -->\n<title>Oddaja povpra\u0161evanja za osebni prevzem | Gardenia<\/title>\n<meta name=\"robots\" content=\"index, follow, max-snippet:-1, max-image-preview:large, max-video-preview:-1\" \/>\n<link rel=\"canonical\" href=\"https:\/\/gardenia.si\/en\/oddaja-povprasevanja-za-osebni-prevzem\/\" \/>\n<meta property=\"og:locale\" content=\"en_US\" \/>\n<meta property=\"og:type\" content=\"article\" \/>\n<meta property=\"og:title\" content=\"Oddaja povpra\u0161evanja za osebni prevzem | Gardenia\" \/>\n<meta property=\"og:url\" content=\"https:\/\/gardenia.si\/en\/oddaja-povprasevanja-za-osebni-prevzem\/\" \/>\n<meta property=\"og:site_name\" content=\"Gardenia\" \/>\n<meta property=\"article:modified_time\" content=\"2019-03-19T22:03:20+00:00\" \/>\n<meta name=\"twitter:card\" content=\"summary_large_image\" \/>\n<script type=\"application\/ld+json\" class=\"yoast-schema-graph\">{\"@context\":\"https:\/\/schema.org\",\"@graph\":[{\"@type\":\"WebPage\",\"@id\":\"https:\/\/gardenia.si\/oddaja-povprasevanja-za-osebni-prevzem\/\",\"url\":\"https:\/\/gardenia.si\/oddaja-povprasevanja-za-osebni-prevzem\/\",\"name\":\"Oddaja povpra\u0161evanja za osebni prevzem | Gardenia\",\"isPartOf\":{\"@id\":\"https:\/\/gardenia.si\/#website\"},\"datePublished\":\"2019-03-19T21:54:49+00:00\",\"dateModified\":\"2019-03-19T22:03:20+00:00\",\"breadcrumb\":{\"@id\":\"https:\/\/gardenia.si\/oddaja-povprasevanja-za-osebni-prevzem\/#breadcrumb\"},\"inLanguage\":\"en-US\",\"potentialAction\":[{\"@type\":\"ReadAction\",\"target\":[\"https:\/\/gardenia.si\/oddaja-povprasevanja-za-osebni-prevzem\/\"]}]},{\"@type\":\"BreadcrumbList\",\"@id\":\"https:\/\/gardenia.si\/oddaja-povprasevanja-za-osebni-prevzem\/#breadcrumb\",\"itemListElement\":[{\"@type\":\"ListItem\",\"position\":1,\"name\":\"Home\",\"item\":\"https:\/\/gardenia.si\/\"},{\"@type\":\"ListItem\",\"position\":2,\"name\":\"Oddaja povpra\u0161evanja za osebni prevzem\"}]},{\"@type\":\"WebSite\",\"@id\":\"https:\/\/gardenia.si\/#website\",\"url\":\"https:\/\/gardenia.si\/\",\"name\":\"Gardenia\",\"description\":\"Prijazni cvetli\u010darji. \u010cisto blizu vas.\",\"publisher\":{\"@id\":\"https:\/\/gardenia.si\/#organization\"},\"potentialAction\":[{\"@type\":\"SearchAction\",\"target\":{\"@type\":\"EntryPoint\",\"urlTemplate\":\"https:\/\/gardenia.si\/?s={search_term_string}\"},\"query-input\":{\"@type\":\"PropertyValueSpecification\",\"valueRequired\":true,\"valueName\":\"search_term_string\"}}],\"inLanguage\":\"en-US\"},{\"@type\":\"Organization\",\"@id\":\"https:\/\/gardenia.si\/#organization\",\"name\":\"Gardenia Ars Florae\",\"url\":\"https:\/\/gardenia.si\/\",\"logo\":{\"@type\":\"ImageObject\",\"inLanguage\":\"en-US\",\"@id\":\"https:\/\/gardenia.si\/#\/schema\/logo\/image\/\",\"url\":\"https:\/\/gardenia.si\/wp-content\/uploads\/2018\/12\/gardenia-logo-temen.png\",\"contentUrl\":\"https:\/\/gardenia.si\/wp-content\/uploads\/2018\/12\/gardenia-logo-temen.png\",\"width\":625,\"height\":116,\"caption\":\"Gardenia Ars Florae\"},\"image\":{\"@id\":\"https:\/\/gardenia.si\/#\/schema\/logo\/image\/\"}}]}<\/script>\n<!-- \/ Yoast SEO plugin. -->","yoast_head_json":{"title":"Oddaja povpra\u0161evanja za osebni prevzem | Gardenia","robots":{"index":"index","follow":"follow","max-snippet":"max-snippet:-1","max-image-preview":"max-image-preview:large","max-video-preview":"max-video-preview:-1"},"canonical":"https:\/\/gardenia.si\/en\/oddaja-povprasevanja-za-osebni-prevzem\/","og_locale":"en_US","og_type":"article","og_title":"Oddaja povpra\u0161evanja za osebni prevzem | Gardenia","og_url":"https:\/\/gardenia.si\/en\/oddaja-povprasevanja-za-osebni-prevzem\/","og_site_name":"Gardenia","article_modified_time":"2019-03-19T22:03:20+00:00","twitter_card":"summary_large_image","schema":{"@context":"https:\/\/schema.org","@graph":[{"@type":"WebPage","@id":"https:\/\/gardenia.si\/oddaja-povprasevanja-za-osebni-prevzem\/","url":"https:\/\/gardenia.si\/oddaja-povprasevanja-za-osebni-prevzem\/","name":"Oddaja povpra\u0161evanja za osebni prevzem | Gardenia","isPartOf":{"@id":"https:\/\/gardenia.si\/#website"},"datePublished":"2019-03-19T21:54:49+00:00","dateModified":"2019-03-19T22:03:20+00:00","breadcrumb":{"@id":"https:\/\/gardenia.si\/oddaja-povprasevanja-za-osebni-prevzem\/#breadcrumb"},"inLanguage":"en-US","potentialAction":[{"@type":"ReadAction","target":["https:\/\/gardenia.si\/oddaja-povprasevanja-za-osebni-prevzem\/"]}]},{"@type":"BreadcrumbList","@id":"https:\/\/gardenia.si\/oddaja-povprasevanja-za-osebni-prevzem\/#breadcrumb","itemListElement":[{"@type":"ListItem","position":1,"name":"Home","item":"https:\/\/gardenia.si\/"},{"@type":"ListItem","position":2,"name":"Oddaja povpra\u0161evanja za osebni prevzem"}]},{"@type":"WebSite","@id":"https:\/\/gardenia.si\/#website","url":"https:\/\/gardenia.si\/","name":"Gardenia","description":"Prijazni cvetli\u010darji. \u010cisto blizu vas.","publisher":{"@id":"https:\/\/gardenia.si\/#organization"},"potentialAction":[{"@type":"SearchAction","target":{"@type":"EntryPoint","urlTemplate":"https:\/\/gardenia.si\/?s={search_term_string}"},"query-input":{"@type":"PropertyValueSpecification","valueRequired":true,"valueName":"search_term_string"}}],"inLanguage":"en-US"},{"@type":"Organization","@id":"https:\/\/gardenia.si\/#organization","name":"Gardenia Ars Florae","url":"https:\/\/gardenia.si\/","logo":{"@type":"ImageObject","inLanguage":"en-US","@id":"https:\/\/gardenia.si\/#\/schema\/logo\/image\/","url":"https:\/\/gardenia.si\/wp-content\/uploads\/2018\/12\/gardenia-logo-temen.png","contentUrl":"https:\/\/gardenia.si\/wp-content\/uploads\/2018\/12\/gardenia-logo-temen.png","width":625,"height":116,"caption":"Gardenia Ars Florae"},"image":{"@id":"https:\/\/gardenia.si\/#\/schema\/logo\/image\/"}}]}},"_links":{"self":[{"href":"https:\/\/gardenia.si\/en\/wp-json\/wp\/v2\/pages\/8122","targetHints":{"allow":["GET"]}}],"collection":[{"href":"https:\/\/gardenia.si\/en\/wp-json\/wp\/v2\/pages"}],"about":[{"href":"https:\/\/gardenia.si\/en\/wp-json\/wp\/v2\/types\/page"}],"author":[{"embeddable":true,"href":"https:\/\/gardenia.si\/en\/wp-json\/wp\/v2\/users\/1"}],"replies":[{"embeddable":true,"href":"https:\/\/gardenia.si\/en\/wp-json\/wp\/v2\/comments?post=8122"}],"version-history":[{"count":2,"href":"https:\/\/gardenia.si\/en\/wp-json\/wp\/v2\/pages\/8122\/revisions"}],"predecessor-version":[{"id":8125,"href":"https:\/\/gardenia.si\/en\/wp-json\/wp\/v2\/pages\/8122\/revisions\/8125"}],"wp:attachment":[{"href":"https:\/\/gardenia.si\/en\/wp-json\/wp\/v2\/media?parent=8122"}],"curies":[{"name":"wp","href":"https:\/\/api.w.org\/{rel}","templated":true}]}}