{"id":8688,"date":"2019-05-14T09:31:53","date_gmt":"2019-05-14T08:31:53","guid":{"rendered":"https:\/\/gardenia.si\/?page_id=8688"},"modified":"2019-05-22T09:33:02","modified_gmt":"2019-05-22T08:33:02","slug":"dogodki-3","status":"publish","type":"page","link":"https:\/\/gardenia.si\/en\/dogodki-3\/","title":{"rendered":"Poroke"},"content":{"rendered":"<div class=\"wpb-content-wrapper\"><div data-vc-full-width=\"true\" data-vc-full-width-init=\"false\" data-vc-kd-parallax=\"1.5\" data-vc-parallax-image=\"https:\/\/gardenia.si\/wp-content\/uploads\/2019\/05\/anita-austvika-1132070-unsplash.jpg\" class=\"vc_row wpb_row vc_row-fluid vc_custom_1558512301774 vc_row-has-fill vc_row-has-padding-top vc_row-has-padding-bottom vc_general kd_vc_parallax kd_vc_parallax-content-moving\"><div class=\"parallax-overlay\" data-vc-kd-parallax=\"1.5\"><\/div><div class=\"wpb_column vc_column_container vc_col-sm-12\"><div class=\"vc_column-inner\"><div class=\"wpb_wrapper\"><\/div><\/div><\/div><\/div><div class=\"vc_row-full-width vc_clearfix\"><\/div><div class=\"vc_row wpb_row vc_row-fluid\"><div class=\"wpb_column vc_column_container vc_col-sm-6\"><div class=\"vc_column-inner\"><div class=\"wpb_wrapper\"><header class=\"kd-section-title col-lg-12 text-left\" ><h2 class=\"separator_off\" >Poroke<\/h2><h6 class=\"subtitle\" >Doma\u010di vrt, razko\u0161na dvorana, grajski dvorec ali obala, za vas se cvetli\u010darji Gardenie potrudimo in va\u0161 poro\u010dni dan, z dih jemajo\u010dimi cvetli\u010dnimi kreacijami, naredimo \u0161e bolj \u010daroben. V na\u0161i zgodovini se je pre\u010dudovitih porok zvrstilo \u017ee mnogo, nekaj pa smo jih ujeli tudi v fotografski objektiv.<\/h6><\/header><div class=\"vc_empty_space\"   style=\"height: 40px\"><span class=\"vc_empty_space_inner\"><\/span><\/div><\/div><\/div><\/div><div class=\"wpb_column vc_column_container vc_col-sm-6\"><div class=\"vc_column-inner\"><div class=\"wpb_wrapper\"><\/div><\/div><\/div><\/div><div class=\"vc_row wpb_row vc_row-fluid\"><div class=\"wpb_column vc_column_container vc_col-sm-12\"><div class=\"vc_column-inner\"><div class=\"wpb_wrapper\"><div class=\"mg-gallery mg-container row\"><div class=\"mg-sizer\"><\/div><div class=\"mg-single-img small-masonry-img\"><a data-size=\"1024x678\" href=\"https:\/\/gardenia.si\/wp-content\/uploads\/2019\/01\/DSC0693-1024x678.jpg\"  ><img loading=\"lazy\" decoding=\"async\" width=\"4928\" height=\"3264\" src=\"https:\/\/gardenia.si\/wp-content\/uploads\/2019\/01\/DSC0693.jpg\" class=\"attachment-full\" alt=\"\" title=\"_DSC0693\" srcset=\"https:\/\/gardenia.si\/wp-content\/uploads\/2019\/01\/DSC0693.jpg 4928w, https:\/\/gardenia.si\/wp-content\/uploads\/2019\/01\/DSC0693-900x596.jpg 900w, https:\/\/gardenia.si\/wp-content\/uploads\/2019\/01\/DSC0693-768x509.jpg 768w, https:\/\/gardenia.si\/wp-content\/uploads\/2019\/01\/DSC0693-1024x678.jpg 1024w, https:\/\/gardenia.si\/wp-content\/uploads\/2019\/01\/DSC0693-600x397.jpg 600w\" sizes=\"auto, (max-width: 4928px) 100vw, 4928px\" \/><\/a><\/div><div class=\"mg-single-img small-masonry-img\"><a data-size=\"1024x678\" href=\"https:\/\/gardenia.si\/wp-content\/uploads\/2019\/01\/DSC0691-1024x678.jpg\"  ><img loading=\"lazy\" decoding=\"async\" width=\"4928\" height=\"3264\" src=\"https:\/\/gardenia.si\/wp-content\/uploads\/2019\/01\/DSC0691.jpg\" class=\"attachment-full\" alt=\"\" title=\"_DSC0691\" srcset=\"https:\/\/gardenia.si\/wp-content\/uploads\/2019\/01\/DSC0691.jpg 4928w, https:\/\/gardenia.si\/wp-content\/uploads\/2019\/01\/DSC0691-900x596.jpg 900w, https:\/\/gardenia.si\/wp-content\/uploads\/2019\/01\/DSC0691-768x509.jpg 768w, https:\/\/gardenia.si\/wp-content\/uploads\/2019\/01\/DSC0691-1024x678.jpg 1024w, https:\/\/gardenia.si\/wp-content\/uploads\/2019\/01\/DSC0691-600x397.jpg 600w\" sizes=\"auto, (max-width: 4928px) 100vw, 4928px\" \/><\/a><\/div><div class=\"mg-single-img small-masonry-img\"><a data-size=\"1024x678\" href=\"https:\/\/gardenia.si\/wp-content\/uploads\/2019\/01\/DSC0674-1024x678.jpg\"  ><img loading=\"lazy\" decoding=\"async\" width=\"4928\" height=\"3264\" src=\"https:\/\/gardenia.si\/wp-content\/uploads\/2019\/01\/DSC0674.jpg\" class=\"attachment-full\" alt=\"\" title=\"_DSC0674\" srcset=\"https:\/\/gardenia.si\/wp-content\/uploads\/2019\/01\/DSC0674.jpg 4928w, https:\/\/gardenia.si\/wp-content\/uploads\/2019\/01\/DSC0674-900x596.jpg 900w, https:\/\/gardenia.si\/wp-content\/uploads\/2019\/01\/DSC0674-768x509.jpg 768w, https:\/\/gardenia.si\/wp-content\/uploads\/2019\/01\/DSC0674-1024x678.jpg 1024w, https:\/\/gardenia.si\/wp-content\/uploads\/2019\/01\/DSC0674-600x397.jpg 600w\" sizes=\"auto, (max-width: 4928px) 100vw, 4928px\" \/><\/a><\/div><\/div><\/div><\/div><\/div><\/div><div class=\"vc_row wpb_row vc_row-fluid\"><div class=\"wpb_column vc_column_container vc_col-sm-12\"><div class=\"vc_column-inner\"><div class=\"wpb_wrapper\"><div class=\"mg-gallery mg-container row\"><div class=\"mg-sizer\"><\/div><div class=\"mg-single-img small-masonry-img\"><a data-size=\"1024x683\" href=\"https:\/\/gardenia.si\/wp-content\/uploads\/2019\/03\/MG_6243-1024x683.jpg\"  ><img loading=\"lazy\" decoding=\"async\" width=\"1600\" height=\"1067\" src=\"https:\/\/gardenia.si\/wp-content\/uploads\/2019\/03\/MG_6243.jpg\" class=\"attachment-full\" alt=\"\" title=\"_MG_6243\" srcset=\"https:\/\/gardenia.si\/wp-content\/uploads\/2019\/03\/MG_6243.jpg 1600w, https:\/\/gardenia.si\/wp-content\/uploads\/2019\/03\/MG_6243-900x600.jpg 900w, https:\/\/gardenia.si\/wp-content\/uploads\/2019\/03\/MG_6243-768x512.jpg 768w, https:\/\/gardenia.si\/wp-content\/uploads\/2019\/03\/MG_6243-1024x683.jpg 1024w, https:\/\/gardenia.si\/wp-content\/uploads\/2019\/03\/MG_6243-600x400.jpg 600w\" sizes=\"auto, (max-width: 1600px) 100vw, 1600px\" \/><\/a><\/div><div class=\"mg-single-img small-masonry-img\"><a data-size=\"1024x683\" href=\"https:\/\/gardenia.si\/wp-content\/uploads\/2019\/03\/MG_6352-1024x683.jpg\"  ><img loading=\"lazy\" decoding=\"async\" width=\"1600\" height=\"1067\" src=\"https:\/\/gardenia.si\/wp-content\/uploads\/2019\/03\/MG_6352.jpg\" class=\"attachment-full\" alt=\"\" title=\"_MG_6352\" srcset=\"https:\/\/gardenia.si\/wp-content\/uploads\/2019\/03\/MG_6352.jpg 1600w, https:\/\/gardenia.si\/wp-content\/uploads\/2019\/03\/MG_6352-900x600.jpg 900w, https:\/\/gardenia.si\/wp-content\/uploads\/2019\/03\/MG_6352-768x512.jpg 768w, https:\/\/gardenia.si\/wp-content\/uploads\/2019\/03\/MG_6352-1024x683.jpg 1024w, https:\/\/gardenia.si\/wp-content\/uploads\/2019\/03\/MG_6352-600x400.jpg 600w\" sizes=\"auto, (max-width: 1600px) 100vw, 1600px\" \/><\/a><\/div><div class=\"mg-single-img small-masonry-img\"><a data-size=\"1024x683\" href=\"https:\/\/gardenia.si\/wp-content\/uploads\/2019\/03\/MG_6303-1024x683.jpg\"  ><img loading=\"lazy\" decoding=\"async\" width=\"1600\" height=\"1067\" src=\"https:\/\/gardenia.si\/wp-content\/uploads\/2019\/03\/MG_6303.jpg\" class=\"attachment-full\" alt=\"\" title=\"_MG_6303\" srcset=\"https:\/\/gardenia.si\/wp-content\/uploads\/2019\/03\/MG_6303.jpg 1600w, https:\/\/gardenia.si\/wp-content\/uploads\/2019\/03\/MG_6303-900x600.jpg 900w, https:\/\/gardenia.si\/wp-content\/uploads\/2019\/03\/MG_6303-768x512.jpg 768w, https:\/\/gardenia.si\/wp-content\/uploads\/2019\/03\/MG_6303-1024x683.jpg 1024w, https:\/\/gardenia.si\/wp-content\/uploads\/2019\/03\/MG_6303-600x400.jpg 600w\" sizes=\"auto, (max-width: 1600px) 100vw, 1600px\" \/><\/a><\/div><\/div><\/div><\/div><\/div><\/div><div class=\"vc_row wpb_row vc_row-fluid\"><div class=\"wpb_column vc_column_container vc_col-sm-12\"><div class=\"vc_column-inner\"><div class=\"wpb_wrapper\"><div class=\"mg-gallery mg-container row\"><div class=\"mg-sizer\"><\/div><div class=\"mg-single-img small-masonry-img\"><a data-size=\"1024x683\" href=\"https:\/\/gardenia.si\/wp-content\/uploads\/2019\/03\/MG_6138-1024x683.jpg\"  ><img loading=\"lazy\" decoding=\"async\" width=\"1600\" height=\"1067\" src=\"https:\/\/gardenia.si\/wp-content\/uploads\/2019\/03\/MG_6138.jpg\" class=\"attachment-full\" alt=\"\" title=\"_MG_6138\" srcset=\"https:\/\/gardenia.si\/wp-content\/uploads\/2019\/03\/MG_6138.jpg 1600w, https:\/\/gardenia.si\/wp-content\/uploads\/2019\/03\/MG_6138-900x600.jpg 900w, https:\/\/gardenia.si\/wp-content\/uploads\/2019\/03\/MG_6138-768x512.jpg 768w, https:\/\/gardenia.si\/wp-content\/uploads\/2019\/03\/MG_6138-1024x683.jpg 1024w, https:\/\/gardenia.si\/wp-content\/uploads\/2019\/03\/MG_6138-600x400.jpg 600w\" sizes=\"auto, (max-width: 1600px) 100vw, 1600px\" \/><\/a><\/div><div class=\"mg-single-img small-masonry-img\"><a data-size=\"1024x682\" href=\"https:\/\/gardenia.si\/wp-content\/uploads\/2019\/03\/Wedding_MM-111-1024x682.jpg\"  ><img loading=\"lazy\" decoding=\"async\" width=\"1758\" height=\"1170\" src=\"https:\/\/gardenia.si\/wp-content\/uploads\/2019\/03\/Wedding_MM-111.jpg\" class=\"attachment-full\" alt=\"\" title=\"Wedding_MM-111\" srcset=\"https:\/\/gardenia.si\/wp-content\/uploads\/2019\/03\/Wedding_MM-111.jpg 1758w, https:\/\/gardenia.si\/wp-content\/uploads\/2019\/03\/Wedding_MM-111-900x599.jpg 900w, https:\/\/gardenia.si\/wp-content\/uploads\/2019\/03\/Wedding_MM-111-768x511.jpg 768w, https:\/\/gardenia.si\/wp-content\/uploads\/2019\/03\/Wedding_MM-111-1024x682.jpg 1024w, https:\/\/gardenia.si\/wp-content\/uploads\/2019\/03\/Wedding_MM-111-600x399.jpg 600w\" sizes=\"auto, (max-width: 1758px) 100vw, 1758px\" \/><\/a><\/div><div class=\"mg-single-img small-masonry-img\"><a data-size=\"1024x745\" href=\"https:\/\/gardenia.si\/wp-content\/uploads\/2019\/03\/porocni-sopek-gardenia-sejem-supernova2-1024x745.jpg\"  ><img decoding=\"async\" class=\"\" src=\"https:\/\/gardenia.si\/wp-content\/uploads\/2019\/03\/porocni-sopek-gardenia-sejem-supernova2-200x133.jpg\" width=\"200\" height=\"133\" alt=\"porocni-sopek-gardenia-sejem-supernova2\" title=\"porocni-sopek-gardenia-sejem-supernova2\" loading=\"lazy\" \/><\/a><\/div><\/div><\/div><\/div><\/div><\/div>\n<\/div>","protected":false},"excerpt":{"rendered":"PorokeDoma\u010di vrt, razko\u0161na dvorana, grajski dvorec ali obala, za vas se cvetli\u010darji Gardenie potrudimo in va\u0161 poro\u010dni dan, z dih jemajo\u010dimi cvetli\u010dnimi kreacijami, naredimo \u0161e bolj \u010daroben. [...]","protected":false},"author":32,"featured_media":0,"parent":0,"menu_order":0,"comment_status":"closed","ping_status":"closed","template":"","meta":{"_acf_changed":false,"footnotes":""},"class_list":["post-8688","page","type-page","status-publish","hentry"],"acf":[],"yoast_head":"<!-- This site is optimized with the Yoast SEO plugin v26.0 - https:\/\/yoast.com\/wordpress\/plugins\/seo\/ -->\n<title>Poroke | Gardenia<\/title>\n<meta name=\"robots\" content=\"index, follow, max-snippet:-1, max-image-preview:large, max-video-preview:-1\" \/>\n<link rel=\"canonical\" href=\"https:\/\/gardenia.si\/en\/dogodki-3\/\" \/>\n<meta property=\"og:locale\" content=\"en_US\" \/>\n<meta property=\"og:type\" content=\"article\" \/>\n<meta property=\"og:title\" content=\"Poroke | Gardenia\" \/>\n<meta property=\"og:url\" content=\"https:\/\/gardenia.si\/en\/dogodki-3\/\" \/>\n<meta property=\"og:site_name\" content=\"Gardenia\" \/>\n<meta property=\"article:modified_time\" content=\"2019-05-22T08:33:02+00:00\" \/>\n<meta name=\"twitter:card\" content=\"summary_large_image\" \/>\n<meta name=\"twitter:label1\" content=\"Est. reading time\" \/>\n\t<meta name=\"twitter:data1\" content=\"1 minute\" \/>\n<script type=\"application\/ld+json\" class=\"yoast-schema-graph\">{\"@context\":\"https:\/\/schema.org\",\"@graph\":[{\"@type\":\"WebPage\",\"@id\":\"https:\/\/gardenia.si\/dogodki-3\/\",\"url\":\"https:\/\/gardenia.si\/dogodki-3\/\",\"name\":\"Poroke | Gardenia\",\"isPartOf\":{\"@id\":\"https:\/\/gardenia.si\/#website\"},\"datePublished\":\"2019-05-14T08:31:53+00:00\",\"dateModified\":\"2019-05-22T08:33:02+00:00\",\"breadcrumb\":{\"@id\":\"https:\/\/gardenia.si\/dogodki-3\/#breadcrumb\"},\"inLanguage\":\"en-US\",\"potentialAction\":[{\"@type\":\"ReadAction\",\"target\":[\"https:\/\/gardenia.si\/dogodki-3\/\"]}]},{\"@type\":\"BreadcrumbList\",\"@id\":\"https:\/\/gardenia.si\/dogodki-3\/#breadcrumb\",\"itemListElement\":[{\"@type\":\"ListItem\",\"position\":1,\"name\":\"Home\",\"item\":\"https:\/\/gardenia.si\/\"},{\"@type\":\"ListItem\",\"position\":2,\"name\":\"Poroke\"}]},{\"@type\":\"WebSite\",\"@id\":\"https:\/\/gardenia.si\/#website\",\"url\":\"https:\/\/gardenia.si\/\",\"name\":\"Gardenia\",\"description\":\"Prijazni cvetli\u010darji. \u010cisto blizu vas.\",\"publisher\":{\"@id\":\"https:\/\/gardenia.si\/#organization\"},\"potentialAction\":[{\"@type\":\"SearchAction\",\"target\":{\"@type\":\"EntryPoint\",\"urlTemplate\":\"https:\/\/gardenia.si\/?s={search_term_string}\"},\"query-input\":{\"@type\":\"PropertyValueSpecification\",\"valueRequired\":true,\"valueName\":\"search_term_string\"}}],\"inLanguage\":\"en-US\"},{\"@type\":\"Organization\",\"@id\":\"https:\/\/gardenia.si\/#organization\",\"name\":\"Gardenia Ars Florae\",\"url\":\"https:\/\/gardenia.si\/\",\"logo\":{\"@type\":\"ImageObject\",\"inLanguage\":\"en-US\",\"@id\":\"https:\/\/gardenia.si\/#\/schema\/logo\/image\/\",\"url\":\"https:\/\/gardenia.si\/wp-content\/uploads\/2018\/12\/gardenia-logo-temen.png\",\"contentUrl\":\"https:\/\/gardenia.si\/wp-content\/uploads\/2018\/12\/gardenia-logo-temen.png\",\"width\":625,\"height\":116,\"caption\":\"Gardenia Ars Florae\"},\"image\":{\"@id\":\"https:\/\/gardenia.si\/#\/schema\/logo\/image\/\"}}]}<\/script>\n<!-- \/ Yoast SEO plugin. -->","yoast_head_json":{"title":"Poroke | Gardenia","robots":{"index":"index","follow":"follow","max-snippet":"max-snippet:-1","max-image-preview":"max-image-preview:large","max-video-preview":"max-video-preview:-1"},"canonical":"https:\/\/gardenia.si\/en\/dogodki-3\/","og_locale":"en_US","og_type":"article","og_title":"Poroke | Gardenia","og_url":"https:\/\/gardenia.si\/en\/dogodki-3\/","og_site_name":"Gardenia","article_modified_time":"2019-05-22T08:33:02+00:00","twitter_card":"summary_large_image","twitter_misc":{"Est. reading time":"1 minute"},"schema":{"@context":"https:\/\/schema.org","@graph":[{"@type":"WebPage","@id":"https:\/\/gardenia.si\/dogodki-3\/","url":"https:\/\/gardenia.si\/dogodki-3\/","name":"Poroke | Gardenia","isPartOf":{"@id":"https:\/\/gardenia.si\/#website"},"datePublished":"2019-05-14T08:31:53+00:00","dateModified":"2019-05-22T08:33:02+00:00","breadcrumb":{"@id":"https:\/\/gardenia.si\/dogodki-3\/#breadcrumb"},"inLanguage":"en-US","potentialAction":[{"@type":"ReadAction","target":["https:\/\/gardenia.si\/dogodki-3\/"]}]},{"@type":"BreadcrumbList","@id":"https:\/\/gardenia.si\/dogodki-3\/#breadcrumb","itemListElement":[{"@type":"ListItem","position":1,"name":"Home","item":"https:\/\/gardenia.si\/"},{"@type":"ListItem","position":2,"name":"Poroke"}]},{"@type":"WebSite","@id":"https:\/\/gardenia.si\/#website","url":"https:\/\/gardenia.si\/","name":"Gardenia","description":"Prijazni cvetli\u010darji. \u010cisto blizu vas.","publisher":{"@id":"https:\/\/gardenia.si\/#organization"},"potentialAction":[{"@type":"SearchAction","target":{"@type":"EntryPoint","urlTemplate":"https:\/\/gardenia.si\/?s={search_term_string}"},"query-input":{"@type":"PropertyValueSpecification","valueRequired":true,"valueName":"search_term_string"}}],"inLanguage":"en-US"},{"@type":"Organization","@id":"https:\/\/gardenia.si\/#organization","name":"Gardenia Ars Florae","url":"https:\/\/gardenia.si\/","logo":{"@type":"ImageObject","inLanguage":"en-US","@id":"https:\/\/gardenia.si\/#\/schema\/logo\/image\/","url":"https:\/\/gardenia.si\/wp-content\/uploads\/2018\/12\/gardenia-logo-temen.png","contentUrl":"https:\/\/gardenia.si\/wp-content\/uploads\/2018\/12\/gardenia-logo-temen.png","width":625,"height":116,"caption":"Gardenia Ars Florae"},"image":{"@id":"https:\/\/gardenia.si\/#\/schema\/logo\/image\/"}}]}},"_links":{"self":[{"href":"https:\/\/gardenia.si\/en\/wp-json\/wp\/v2\/pages\/8688","targetHints":{"allow":["GET"]}}],"collection":[{"href":"https:\/\/gardenia.si\/en\/wp-json\/wp\/v2\/pages"}],"about":[{"href":"https:\/\/gardenia.si\/en\/wp-json\/wp\/v2\/types\/page"}],"author":[{"embeddable":true,"href":"https:\/\/gardenia.si\/en\/wp-json\/wp\/v2\/users\/32"}],"replies":[{"embeddable":true,"href":"https:\/\/gardenia.si\/en\/wp-json\/wp\/v2\/comments?post=8688"}],"version-history":[{"count":7,"href":"https:\/\/gardenia.si\/en\/wp-json\/wp\/v2\/pages\/8688\/revisions"}],"predecessor-version":[{"id":8744,"href":"https:\/\/gardenia.si\/en\/wp-json\/wp\/v2\/pages\/8688\/revisions\/8744"}],"wp:attachment":[{"href":"https:\/\/gardenia.si\/en\/wp-json\/wp\/v2\/media?parent=8688"}],"curies":[{"name":"wp","href":"https:\/\/api.w.org\/{rel}","templated":true}]}}